{"id":73,"date":"2015-05-15T09:21:59","date_gmt":"2015-05-15T07:21:59","guid":{"rendered":"http:\/\/www.corteprato1981.it\/site\/?page_id=73"},"modified":"2015-05-15T09:21:59","modified_gmt":"2015-05-15T07:21:59","slug":"informativa-sulla-privacy","status":"publish","type":"page","link":"https:\/\/corteprato1981.it\/site\/informativa-sulla-privacy\/","title":{"rendered":"Informativa sulla Privacy"},"content":{"rendered":"<p><strong>TRATTAMENTO DEI DATI PERSONALI*<\/strong><br \/>\n(Privacy policy ai sensi dell&#8217;art. 13 del d.lgs. 196\/2003)<br \/>\nTi informiamo che i dati che fornirai al gestore del presente sito al momento della tua compilazione del &#8220;form contatti&#8221; (o form o form mail) disponibile sul sito stesso, saranno trattati nel rispetto delle disposizioni di cui al d.lgs. 196\/2003, Codice in materia di protezione dei dati personali.<br \/>\nIl form contatti messo a disposizione sul sito ha il solo scopo di consentire ai visitatori del sito di contattare, qualora lo desiderino, il gestore del sito stesso, inviando tramite il suddetto form una email al gestore.<br \/>\nLa presente informativa riguarda i dati personali inviati dall&#8217;utente visitatore al momento della compilazione del form contatti.<br \/>\nTi informiamo del fatto che i dati che conferirai volontariamente tramite il form verranno tramutati in una email che eventualmente potr\u00e0 essere conservata all&#8217;interno del sistema di ricezione di email utilizzato dal titolare del sito.<br \/>\nQuesti dati non verranno registrati su altri supporti o dispositivi, n\u00e8 verranno registrati altri dati derivanti dalla tua navigazione sul sito.<\/p>\n<p><strong>1. FINALIT\u00c0 DEL TRATTAMENTO DEI DATI PERSONALI<\/strong><br \/>\nLe finalit\u00e0 del trattamento dei tuoi dati sono le seguenti:<br \/>\nI dati da te inviati verranno utilizzati al solo scopo di poterti eventualmente ricontattare tramite i riferimenti da te lasciati tramite il form contatti per evadere eventuali tue richieste contenute nel messaggio da te inviato tramite il form contatti messoti a disposizione sul sito.<\/p>\n<p><strong>2. NATURA DEI DATI TRATTATI E MODALIT\u00c0 DEL TRATTAMENTO<\/strong><br \/>\na. I dati personali trattati saranno esclusivamente i dati comuni strettamente necessari e pertinenti alle finalit\u00e0 di cui al punto 1 che precede.<br \/>\nb. Il trattamento dei dati personali conferiti \u00e8 realizzato per mezzo delle operazioni o del complesso delle operazioni indicate all&#8217;art. 4 comma 1 lett. a) D. Lgs. 196\/2003.<br \/>\nc. Il trattamento \u00e8 svolto direttamente dall&#8217;organizzazione del titolare.<\/p>\n<p><strong>3. NATURA DEL CONFERIMENTO E CONSEGUENZE DEL RIFIUTO<\/strong><br \/>\nRicorda che non sei obbligato a conferire al gestore del sito i dati personali tramite richiesti nel form contatti.<br \/>\nIl conferimento dei tuoi dati tramite il form contatti \u00e8 facoltativo.<br \/>\nTuttavia il rifiuto al conferimento per le finalit\u00e0 di cui all&#8217;art. 1 determiner\u00e0 l&#8217;impossibilit\u00e0 di contattare il gestore del sito web tramite il form contatti messo a disposizione sul sito.<\/p>\n<p><strong>4. TITOLARE DEL TRATTAMENTO<\/strong><br \/>\nI dati personali raccolti mediante il form contatti saranno inviati via email al gestore del presente sito web , che sar\u00e0 titolare del trattamento.<\/p>\n<p><strong>5. COOKIES<\/strong><\/p>\n<p>Nessun dato personale degli utenti viene in proposito acquisito dal sito. Viene fatto uso di cookie per la trasmissione di informazioni necessarie al funzionamento del sito, possono essere utilizzati c.d. cookie persistenti per l\u2019utilizzo di funzionalit\u00e0 di login automatiche, ovvero sistemi per il tracciamento degli utenti. L\u2019uso di c.d. cookie di sessione (che non vengono memorizzati in modo persistente sul computer dell\u2019utente e svaniscono con la chiusura del browser) \u00e8 limitato alla trasmissione di identificativi di sessione (costituiti da numeri casuali generati dal server) necessari per consentire l\u2019esplorazione sicura ed efficiente del sito. I c.d. cookie di sessione utilizzati in questo sito evitano il ricorso ad altre tecniche informatiche potenzialmente pregiudizievoli per la riservatezza della navigazione degli utenti e non consentono l\u2019acquisizione di dati personali identificativi dell\u2019utente.<\/p>\n<p><strong>6. COOKIES DI TERZE PARTI<\/strong><\/p>\n<p>Corteprato1981.it utilizza degli script esterni per la raccolta di dati statistici. In particolare si utilizza Google Analytics e WordPress Statistiche. Di seguito riportiamo i links alle rispettive politiche di privacy. Corteprato1981.it non ha alcun potere di controllo su eventuali Cookies rilasciati da terze parti.<\/p>\n<p><a href=\"https:\/\/support.google.com\/analytics\/answer\/6004245?hl=it\" target=\"_blank\">https:\/\/support.google.com\/analytics\/answer\/6004245?hl=it<\/a><\/p>\n<p><a href=\"http:\/\/automattic.com\/privacy\/\" target=\"_blank\">http:\/\/automattic.com\/privacy\/<\/a><\/p>\n<p><strong>7. DIRITTI DELL&#8217;INTERESSATO<\/strong><br \/>\nRicorda che in ogni momento potrai esercitare i diritti a te attribuiti dall&#8217;art, 7 del d.lgs. 196\/2003 che riportiamo qui di seguito, scrivendo al gestore del presente sito web tramite il form contatti.<br \/>\nArt. 7. del d.lgs. 196\/2003<br \/>\nDiritto di accesso ai dati personali ed altri diritti<br \/>\n1. L&#8217;interessato ha diritto di ottenere la conferma dell&#8217;esistenza o meno di dati personali che lo riguardano, anche se non ancora registrati, e la loro comunicazione in forma intelligibile.<br \/>\n2. L&#8217;interessato ha diritto di ottenere l&#8217;indicazione:<br \/>\na) dell&#8217;origine dei dati personali;<br \/>\nb) delle finalit\u00e0 e modalit\u00e0 del trattamento;<br \/>\nc) della logica applicata in caso di trattamento effettuato con l&#8217;ausilio di strumenti elettronici; d) degli estremi identificativi del titolare, dei responsabili e del rappresentante designato ai sensi dell&#8217;articolo 5, comma 2;<br \/>\ne) dei soggetti o delle categorie di soggetti ai quali i dati personali possono essere comunicati o che possono venirne a conoscenza in qualit\u00e0 di rappresentante designato nel territorio dello Stato, di responsabili o incaricati.<br \/>\n3. L&#8217;interessato ha diritto di ottenere:<br \/>\na) l&#8217;aggiornamento, la rettificazione ovvero, quando vi ha interesse, l&#8217;integrazione dei dati; b) la cancellazione, la trasformazione in forma anonima o il blocco dei dati trattati in violazione di legge, compresi quelli di cui non \u00e8 necessaria la conservazione in relazione agli scopi per i quali i dati sono stati raccolti o successivamente trattati;<br \/>\nc) l&#8217;attestazione che le operazioni di cui alle lettere a) e b) sono state portate a conoscenza, anche per quanto riguarda il loro contenuto, di coloro ai quali i dati sono stati comunicati o diffusi, eccettuato il caso in cui tale adempimento si rivela impossibile o comporta un impiego di mezzi manifestamente sproporzionato rispetto al diritto tutelato.<br \/>\n4. L&#8217;interessato ha diritto di opporsi, in tutto o in parte:<br \/>\na) per motivi legittimi al trattamento dei dati personali che lo riguardano, oltre che pertinenti allo scopo della raccolta;<br \/>\nb) al trattamento di dati personali che lo riguardano a fini di invio di materiale pubblicitario o di vendita diretta o per il compimento di ricerche di mercato o di comunicazione commerciale.<\/p>\n<p><strong>6. DURATA DEL TRATTAMENTO<\/strong><br \/>\nIl trattamento avr\u00e0 una durata non superiore a quella necessaria alle finalit\u00e0 per le quali i dati sono stati raccolti.<\/p>\n","protected":false},"excerpt":{"rendered":"<p>TRATTAMENTO DEI DATI PERSONALI* (Privacy policy ai sensi dell&#8217;art. 13 del d.lgs. 196\/2003) Ti informiamo che i dati che fornirai al gestore del presente sito al momento della tua compilazione del &#8220;form contatti&#8221; (o form o form mail) disponibile sul&#8230;<span class=\"read-more\"><a href=\"https:\/\/corteprato1981.it\/site\/informativa-sulla-privacy\/\">Continue Reading &rarr;<\/a><\/span><\/p>\n","protected":false},"author":1,"featured_media":0,"parent":0,"menu_order":0,"comment_status":"open","ping_status":"closed","template":"","meta":{"ngg_post_thumbnail":0,"jetpack_post_was_ever_published":false,"footnotes":""},"class_list":["post-73","page","type-page","status-publish","hentry"],"yoast_head":"<!-- This site is optimized with the Yoast SEO plugin v27.5 - https:\/\/yoast.com\/product\/yoast-seo-wordpress\/ -->\n<title>Informativa sulla Privacy - Corte Prato 1981<\/title>\n<meta name=\"robots\" content=\"index, follow, max-snippet:-1, max-image-preview:large, max-video-preview:-1\" \/>\n<link rel=\"canonical\" href=\"https:\/\/corteprato1981.it\/site\/informativa-sulla-privacy\/\" \/>\n<meta property=\"og:locale\" content=\"it_IT\" \/>\n<meta property=\"og:type\" content=\"article\" \/>\n<meta property=\"og:title\" content=\"Informativa sulla Privacy - Corte Prato 1981\" \/>\n<meta property=\"og:description\" content=\"TRATTAMENTO DEI DATI PERSONALI* (Privacy policy ai sensi dell&#8217;art. 13 del d.lgs. 196\/2003) Ti informiamo che i dati che fornirai al gestore del presente sito al momento della tua compilazione del &#8220;form contatti&#8221; (o form o form mail) disponibile sul...Continue Reading &rarr;\" \/>\n<meta property=\"og:url\" content=\"https:\/\/corteprato1981.it\/site\/informativa-sulla-privacy\/\" \/>\n<meta property=\"og:site_name\" content=\"Corte Prato 1981\" \/>\n<meta name=\"twitter:card\" content=\"summary_large_image\" \/>\n<meta name=\"twitter:label1\" content=\"Tempo di lettura stimato\" \/>\n\t<meta name=\"twitter:data1\" content=\"5 minuti\" \/>\n<script type=\"application\/ld+json\" class=\"yoast-schema-graph\">{\"@context\":\"https:\\\/\\\/schema.org\",\"@graph\":[{\"@type\":\"WebPage\",\"@id\":\"https:\\\/\\\/corteprato1981.it\\\/site\\\/informativa-sulla-privacy\\\/\",\"url\":\"https:\\\/\\\/corteprato1981.it\\\/site\\\/informativa-sulla-privacy\\\/\",\"name\":\"Informativa sulla Privacy - Corte Prato 1981\",\"isPartOf\":{\"@id\":\"https:\\\/\\\/corteprato1981.it\\\/site\\\/#website\"},\"datePublished\":\"2015-05-15T07:21:59+00:00\",\"breadcrumb\":{\"@id\":\"https:\\\/\\\/corteprato1981.it\\\/site\\\/informativa-sulla-privacy\\\/#breadcrumb\"},\"inLanguage\":\"it-IT\",\"potentialAction\":[{\"@type\":\"ReadAction\",\"target\":[\"https:\\\/\\\/corteprato1981.it\\\/site\\\/informativa-sulla-privacy\\\/\"]}]},{\"@type\":\"BreadcrumbList\",\"@id\":\"https:\\\/\\\/corteprato1981.it\\\/site\\\/informativa-sulla-privacy\\\/#breadcrumb\",\"itemListElement\":[{\"@type\":\"ListItem\",\"position\":1,\"name\":\"Home\",\"item\":\"https:\\\/\\\/corteprato1981.it\\\/site\\\/\"},{\"@type\":\"ListItem\",\"position\":2,\"name\":\"Informativa sulla Privacy\"}]},{\"@type\":\"WebSite\",\"@id\":\"https:\\\/\\\/corteprato1981.it\\\/site\\\/#website\",\"url\":\"https:\\\/\\\/corteprato1981.it\\\/site\\\/\",\"name\":\"Corte Prato 1981\",\"description\":\"\",\"potentialAction\":[{\"@type\":\"SearchAction\",\"target\":{\"@type\":\"EntryPoint\",\"urlTemplate\":\"https:\\\/\\\/corteprato1981.it\\\/site\\\/?s={search_term_string}\"},\"query-input\":{\"@type\":\"PropertyValueSpecification\",\"valueRequired\":true,\"valueName\":\"search_term_string\"}}],\"inLanguage\":\"it-IT\"}]}<\/script>\n<!-- \/ Yoast SEO plugin. -->","yoast_head_json":{"title":"Informativa sulla Privacy - Corte Prato 1981","robots":{"index":"index","follow":"follow","max-snippet":"max-snippet:-1","max-image-preview":"max-image-preview:large","max-video-preview":"max-video-preview:-1"},"canonical":"https:\/\/corteprato1981.it\/site\/informativa-sulla-privacy\/","og_locale":"it_IT","og_type":"article","og_title":"Informativa sulla Privacy - Corte Prato 1981","og_description":"TRATTAMENTO DEI DATI PERSONALI* (Privacy policy ai sensi dell&#8217;art. 13 del d.lgs. 196\/2003) Ti informiamo che i dati che fornirai al gestore del presente sito al momento della tua compilazione del &#8220;form contatti&#8221; (o form o form mail) disponibile sul...Continue Reading &rarr;","og_url":"https:\/\/corteprato1981.it\/site\/informativa-sulla-privacy\/","og_site_name":"Corte Prato 1981","twitter_card":"summary_large_image","twitter_misc":{"Tempo di lettura stimato":"5 minuti"},"schema":{"@context":"https:\/\/schema.org","@graph":[{"@type":"WebPage","@id":"https:\/\/corteprato1981.it\/site\/informativa-sulla-privacy\/","url":"https:\/\/corteprato1981.it\/site\/informativa-sulla-privacy\/","name":"Informativa sulla Privacy - Corte Prato 1981","isPartOf":{"@id":"https:\/\/corteprato1981.it\/site\/#website"},"datePublished":"2015-05-15T07:21:59+00:00","breadcrumb":{"@id":"https:\/\/corteprato1981.it\/site\/informativa-sulla-privacy\/#breadcrumb"},"inLanguage":"it-IT","potentialAction":[{"@type":"ReadAction","target":["https:\/\/corteprato1981.it\/site\/informativa-sulla-privacy\/"]}]},{"@type":"BreadcrumbList","@id":"https:\/\/corteprato1981.it\/site\/informativa-sulla-privacy\/#breadcrumb","itemListElement":[{"@type":"ListItem","position":1,"name":"Home","item":"https:\/\/corteprato1981.it\/site\/"},{"@type":"ListItem","position":2,"name":"Informativa sulla Privacy"}]},{"@type":"WebSite","@id":"https:\/\/corteprato1981.it\/site\/#website","url":"https:\/\/corteprato1981.it\/site\/","name":"Corte Prato 1981","description":"","potentialAction":[{"@type":"SearchAction","target":{"@type":"EntryPoint","urlTemplate":"https:\/\/corteprato1981.it\/site\/?s={search_term_string}"},"query-input":{"@type":"PropertyValueSpecification","valueRequired":true,"valueName":"search_term_string"}}],"inLanguage":"it-IT"}]}},"jetpack_sharing_enabled":true,"jetpack_shortlink":"https:\/\/wp.me\/P6dQp0-1b","_links":{"self":[{"href":"https:\/\/corteprato1981.it\/site\/wp-json\/wp\/v2\/pages\/73","targetHints":{"allow":["GET"]}}],"collection":[{"href":"https:\/\/corteprato1981.it\/site\/wp-json\/wp\/v2\/pages"}],"about":[{"href":"https:\/\/corteprato1981.it\/site\/wp-json\/wp\/v2\/types\/page"}],"author":[{"embeddable":true,"href":"https:\/\/corteprato1981.it\/site\/wp-json\/wp\/v2\/users\/1"}],"replies":[{"embeddable":true,"href":"https:\/\/corteprato1981.it\/site\/wp-json\/wp\/v2\/comments?post=73"}],"version-history":[{"count":1,"href":"https:\/\/corteprato1981.it\/site\/wp-json\/wp\/v2\/pages\/73\/revisions"}],"predecessor-version":[{"id":74,"href":"https:\/\/corteprato1981.it\/site\/wp-json\/wp\/v2\/pages\/73\/revisions\/74"}],"wp:attachment":[{"href":"https:\/\/corteprato1981.it\/site\/wp-json\/wp\/v2\/media?parent=73"}],"curies":[{"name":"wp","href":"https:\/\/api.w.org\/{rel}","templated":true}]}}